{"id":972,"date":"2022-03-15T13:45:53","date_gmt":"2022-03-15T12:45:53","guid":{"rendered":"https:\/\/sensesailing.com\/jedrenje\/"},"modified":"2022-03-30T19:06:17","modified_gmt":"2022-03-30T17:06:17","slug":"jedrenje","status":"publish","type":"page","link":"https:\/\/sensesailing.com\/hr\/jedrenje\/","title":{"rendered":"Jedrenje"},"content":{"rendered":"<p>[et_pb_section fb_built=&#8221;1&#8243; admin_label=&#8221;CTA&#8221; _builder_version=&#8221;4.13.1&#8243; background_color_gradient_start=&#8221;rgba(43,135,216,0)&#8221; background_color_gradient_end=&#8221;rgba(0,64,96,0.8)&#8221; background_image=&#8221;https:\/\/sensesailing.com\/wp-content\/uploads\/2022\/02\/Segel-tour-cover-scaled.jpg&#8221; parallax=&#8221;on&#8221; custom_margin=&#8221;|||&#8221; custom_padding=&#8221;0px|||&#8221; global_colors_info=&#8221;{}&#8221;][et_pb_row column_structure=&#8221;1_5,3_5,1_5&#8243; use_custom_gutter=&#8221;on&#8221; gutter_width=&#8221;1&#8243; custom_padding_last_edited=&#8221;on|tablet&#8221; module_class=&#8221; et_pb_row_fullwidth&#8221; _builder_version=&#8221;4.13.1&#8243; use_background_color_gradient=&#8221;on&#8221; background_color_gradient_start=&#8221;#ffffff&#8221; background_color_gradient_end=&#8221;rgba(255,255,255,0)&#8221; background_color_gradient_end_position=&#8221;22%&#8221; width=&#8221;100%&#8221; width_tablet=&#8221;100%&#8221; width_phone=&#8221;100%&#8221; width_last_edited=&#8221;on|desktop&#8221; max_width=&#8221;100%&#8221; max_width_tablet=&#8221;100%&#8221; max_width_phone=&#8221;100%&#8221; max_width_last_edited=&#8221;on|desktop&#8221; custom_margin=&#8221;|auto||auto|false|false&#8221; custom_padding=&#8221;178px|0px|150px|0px||&#8221; custom_padding_tablet=&#8221;0px|||&#8221; custom_padding_phone=&#8221;&#8221; make_fullwidth=&#8221;on&#8221; global_colors_info=&#8221;{}&#8221;][et_pb_column type=&#8221;1_5&#8243; _builder_version=&#8221;3.25&#8243; custom_padding=&#8221;|||&#8221; global_colors_info=&#8221;{}&#8221; custom_padding__hover=&#8221;|||&#8221;][et_pb_code _builder_version=&#8221;4.13.1&#8243; _module_preset=&#8221;default&#8221; global_colors_info=&#8221;{}&#8221;][\/et_pb_code][\/et_pb_column][et_pb_column type=&#8221;3_5&#8243; _builder_version=&#8221;3.25&#8243; custom_padding=&#8221;|||&#8221; global_colors_info=&#8221;{}&#8221; custom_padding__hover=&#8221;|||&#8221;][et_pb_code _builder_version=&#8221;4.13.1&#8243; _module_preset=&#8221;default&#8221; background_color=&#8221;rgba(0,0,0,0.7)&#8221; custom_margin=&#8221;59px|30px|59px|30px|true|true&#8221; custom_padding=&#8221;30px|30px|30px|30px|true|true&#8221; animation_style=&#8221;fade&#8221; hover_transition_delay=&#8221;100ms&#8221; border_radii=&#8221;on|5px|5px|5px|5px&#8221; global_colors_info=&#8221;{}&#8221;]<\/p>\n<div id=\"nsWidget\" style=\"margin: 0 auto; max-width: 900px; width: 100%;\"><\/div>\n<p><!-- [et_pb_line_break_holder] --><script type=\"text\/javascript\"><!-- [et_pb_line_break_holder] -->            var opts = {companyId: '23457303', type: 'searchForm', language: 'de', method: 'GET', results: 'https:\/\/sensesailing.com\/segeltour-results'};<!-- [et_pb_line_break_holder] -->            new NsWidget(\"nsWidget\",opts);<!-- [et_pb_line_break_holder] -->  <\/script>[\/et_pb_code][\/et_pb_column][et_pb_column type=&#8221;1_5&#8243; _builder_version=&#8221;3.25&#8243; custom_padding=&#8221;|||&#8221; global_colors_info=&#8221;{}&#8221; custom_padding__hover=&#8221;|||&#8221;][\/et_pb_column][\/et_pb_row][\/et_pb_section][et_pb_section fb_built=&#8221;1&#8243; custom_padding_last_edited=&#8221;on|tablet&#8221; admin_label=&#8221;Packages&#8221; _builder_version=&#8221;3.22&#8243; custom_padding=&#8221;7px||3px|||&#8221; custom_padding_tablet=&#8221;0px||0px|&#8221; custom_padding_phone=&#8221;&#8221; global_colors_info=&#8221;{}&#8221;][et_pb_row custom_padding_last_edited=&#8221;on|phone&#8221; admin_label=&#8221;Naslov paketa&#8221; _builder_version=&#8221;3.25&#8243; custom_padding=&#8221;30px|0px|31px|0px||&#8221; custom_padding_tablet=&#8221;60px||0px|&#8221; custom_padding_phone=&#8221;&#8221; locked=&#8221;off&#8221; global_colors_info=&#8221;{}&#8221;][et_pb_column type=&#8221;4_4&#8243; _builder_version=&#8221;3.25&#8243; custom_padding=&#8221;|||&#8221; global_colors_info=&#8221;{}&#8221; custom_padding__hover=&#8221;|||&#8221;][et_pb_text _builder_version=&#8221;4.13.1&#8243; text_font=&#8221;||||&#8221; text_text_color=&#8221;#1a1a1a&#8221; header_font=&#8221;Oswald|on||on|&#8221; header_text_align=&#8221;center&#8221; header_font_size=&#8221;60px&#8221; header_line_height=&#8221;1.3em&#8221; module_alignment=&#8221;center&#8221; custom_margin=&#8221;|||&#8221; custom_padding=&#8221;|||&#8221; animation_style=&#8221;slide&#8221; animation_direction=&#8221;top&#8221; animation_intensity_slide=&#8221;10%&#8221; locked=&#8221;off&#8221; global_colors_info=&#8221;{}&#8221;]<\/p>\n<h1>Paketi po fiksnoj cijeni<\/h1>\n<p>[\/et_pb_text][et_pb_text admin_label=&#8221;Package Title&#8221; _builder_version=&#8221;4.13.1&#8243; text_font=&#8221;Oswald||||&#8221; text_text_color=&#8221;#1a1a1a&#8221; text_font_size=&#8221;24px&#8221; background_size=&#8221;initial&#8221; background_position=&#8221;top_left&#8221; background_repeat=&#8221;repeat&#8221; module_alignment=&#8221;center&#8221; animation_style=&#8221;zoom&#8221; animation_direction=&#8221;left&#8221; animation_intensity_zoom=&#8221;10%&#8221; global_colors_info=&#8221;{}&#8221;]<\/p>\n<p style=\"text-align: center;\">Kako da dobijem svoj odmor iz snova?!<\/p>\n<p>[\/et_pb_text][et_pb_text admin_label=&#8221;Description&#8221; _builder_version=&#8221;4.13.1&#8243; text_font=&#8221;Roboto||||&#8221; text_font_size=&#8221;16px&#8221; background_size=&#8221;initial&#8221; background_position=&#8221;top_left&#8221; background_repeat=&#8221;repeat&#8221; module_alignment=&#8221;center&#8221; min_height=&#8221;108px&#8221; custom_margin=&#8221;||-2px|||&#8221; custom_padding=&#8221;||0px|||&#8221; animation_style=&#8221;zoom&#8221; animation_direction=&#8221;left&#8221; animation_delay=&#8221;100ms&#8221; animation_intensity_zoom=&#8221;10%&#8221; global_colors_info=&#8221;{}&#8221;]<\/p>\n<ol>\n<li style=\"text-align: center;\">Gore odaberite \u017eeljeni tjedan odmora<\/li>\n<li style=\"text-align: center;\">Ako je jedrilica slobodna odabrani tjedan, onda mo\u017eete kliknuti na nju<\/li>\n<li style=\"text-align: center;\">Pojaviti \u0107e se novi obrazac gdje nam mo\u017eete poslati poruku<\/li>\n<li style=\"text-align: center;\">Po\u0161aljite nam svoj zahtjev sa svojim \u017eeljama<\/li>\n<li style=\"text-align: center;\">Kontaktirat \u0107emo Vas i razjasniti detalje telefonskim pozivom \/ mailom<\/li>\n<li style=\"text-align: center;\">Uplatite najmanje 30% ukupne cijene godi\u0161njeg odmora kao depozit i jedrilica je rezervirana<\/li>\n<li style=\"text-align: center;\">Ostatak platite najmanje 4 tjedna prije polaska i ponesite depozit u gotovini sa sobom<\/li>\n<li style=\"text-align: center;\">Do\u0111ite u marinu i u\u017eivajte u odmoru<\/li>\n<\/ol>\n<p style=\"text-align: center;\">Pitanja? Posjetite na\u0161 <span style=\"text-decoration: underline; color: #3366ff;\"><a href=\"https:\/\/sensesailing.com\/hr\/ucestala-pitanja\/\" style=\"color: #3366ff; text-decoration: underline;\"><strong>FAQ<\/strong><\/a><\/span>!<\/p>\n<p>[\/et_pb_text][et_pb_divider color=&#8221;#ed4441&#8243; divider_position=&#8221;center&#8221; divider_weight=&#8221;3px&#8221; disabled_on=&#8221;off|off|off&#8221; _builder_version=&#8221;3.2&#8243; max_width=&#8221;150px&#8221; module_alignment=&#8221;center&#8221; height=&#8221;false&#8221; custom_margin=&#8221;-4px|||||&#8221; animation_style=&#8221;slide&#8221; animation_direction=&#8221;top&#8221; animation_delay=&#8221;100ms&#8221; animation_intensity_slide=&#8221;10%&#8221; locked=&#8221;off&#8221; global_colors_info=&#8221;{}&#8221;][\/et_pb_divider][\/et_pb_column][\/et_pb_row][et_pb_row column_structure=&#8221;1_2,1_2&#8243; admin_label=&#8221;Paketi&#8221; _builder_version=&#8221;3.25&#8243; background_size=&#8221;initial&#8221; background_position=&#8221;top_left&#8221; background_repeat=&#8221;repeat&#8221; custom_padding=&#8221;||24px|||&#8221; global_colors_info=&#8221;{}&#8221;][et_pb_column type=&#8221;1_2&#8243; _builder_version=&#8221;3.25&#8243; custom_padding=&#8221;|||&#8221; global_colors_info=&#8221;{}&#8221; custom_padding__hover=&#8221;|||&#8221;][et_pb_image src=&#8221;https:\/\/sensesailing.com\/wp-content\/uploads\/2021\/12\/20210608_144855.jpeg&#8221; alt=&#8221;Sensesailing Skiper&#8221; title_text=&#8221;Sensesailing Skiper&#8221; align=&#8221;center&#8221; align_tablet=&#8221;center&#8221; align_phone=&#8221;center&#8221; align_last_edited=&#8221;on|desktop&#8221; admin_label=&#8221;Package Image&#8221; _builder_version=&#8221;4.13.1&#8243; max_height=&#8221;439px&#8221; animation_style=&#8221;fold&#8221; animation_direction=&#8221;right&#8221; animation_intensity_fold=&#8221;20%&#8221; global_colors_info=&#8221;{}&#8221;][\/et_pb_image][\/et_pb_column][et_pb_column type=&#8221;1_2&#8243; _builder_version=&#8221;3.25&#8243; custom_padding=&#8221;|||&#8221; global_colors_info=&#8221;{}&#8221; custom_padding__hover=&#8221;|||&#8221;][et_pb_accordion _builder_version=&#8221;4.14.8&#8243; _module_preset=&#8221;default&#8221; hover_enabled=&#8221;0&#8243; global_colors_info=&#8221;{}&#8221; sticky_enabled=&#8221;0&#8243;][et_pb_accordion_item title=&#8221;Paket &quot;Ljubavna pri\u010da&quot;&#8221; open=&#8221;on&#8221; icon_color=&#8221;#FFFFFF&#8221; _builder_version=&#8221;4.14.8&#8243; _module_preset=&#8221;default&#8221; body_font=&#8221;Raleway||||||||&#8221; body_text_color=&#8221;#ffffff&#8221; background_color=&#8221;#0C71C3&#8243; background_color_gradient_start=&#8221;rgba(33,150,196,0)&#8221; background_color_gradient_end=&#8221;rgba(209,167,0,0)&#8221; hover_enabled=&#8221;0&#8243; border_radii=&#8221;on|10px|10px|10px|10px&#8221; box_shadow_style=&#8221;preset3&#8243; global_colors_info=&#8221;{}&#8221; toggle_text_color=&#8221;#FFFFFF&#8221; toggle_font=&#8221;Montserrat|600|||||||&#8221; use_background_color_gradient=&#8221;off&#8221; sticky_enabled=&#8221;0&#8243; text_shadow_style=&#8221;none&#8221; toggle_text_shadow_style=&#8221;none&#8221; closed_toggle_font=&#8221;Montserrat||||||||&#8221;]<\/p>\n<p>Danju plovimo uz opu\u0161tenu glazbu i usidreni smo u osamljenim uvalama. Nave\u010der vas vodimo u romanti\u010dne gradove i pokazujemo vam idili\u010dne barove i kafi\u0107e. Ovaj paket idealan je za nove i stare parove, za romanti\u010dare i grupe koje tra\u017ee kontemplativne trenutke sa svojim partnerom\/icom!<\/p>\n<p>[\/et_pb_accordion_item][et_pb_accordion_item title=&#8221;Fitness Paket&#8221; icon_color=&#8221;#FFFFFF&#8221; _builder_version=&#8221;4.14.8&#8243; _module_preset=&#8221;default&#8221; body_font=&#8221;Raleway||||||||&#8221; body_text_color=&#8221;#ffffff&#8221; background_color=&#8221;#0C71C3&#8243; border_radii=&#8221;on|10px|10px|10px|10px&#8221; box_shadow_style=&#8221;preset3&#8243; global_colors_info=&#8221;{}&#8221; toggle_text_color=&#8221;#FFFFFF&#8221; toggle_font=&#8221;Montserrat|600|||||||&#8221; open=&#8221;off&#8221; background_color_gradient_start=&#8221;rgba(33,150,196,0)&#8221; background_color_gradient_end=&#8221;rgba(209,167,0,0)&#8221; use_background_color_gradient=&#8221;off&#8221; text_shadow_style=&#8221;none&#8221; toggle_text_shadow_style=&#8221;none&#8221; closed_toggle_font=&#8221;Montserrat||||||||&#8221;]<\/p>\n<p>Jutro zapo\u010dinje tjelesnom aktivno\u0161\u0107u, bilo u maloj teretani u luci, ili u uvali s rekvizitima koje ste ponijeli sa sobom, ili se me\u0111usobno natje\u010dete na 2 SUP-a. Tijekom dana ima vi\u0161e tjelesne aktivnosti, plivanje, kondicijski ili treninzi snage &#8211; \u0161to se ti\u010de ovog djela, u sigurnim ste rukama, jer je na brodu diplomirani Kineziolog (Magistar Kineziologije u edukaciji i kondicijske pripreme sporta\u0161a). Ovaj paket je za sve one koji tra\u017ee promjenu od uobi\u010dajenih sportskih aktivnosti!<\/p>\n<p>[\/et_pb_accordion_item][et_pb_accordion_item title=&#8221;Obiteljski Paket&#8221; icon_color=&#8221;#FFFFFF&#8221; _builder_version=&#8221;4.14.8&#8243; _module_preset=&#8221;default&#8221; body_font=&#8221;Raleway||||||||&#8221; body_text_color=&#8221;#ffffff&#8221; background_color=&#8221;#0C71C3&#8243; border_radii=&#8221;on|10px|10px|10px|10px&#8221; box_shadow_style=&#8221;preset3&#8243; global_colors_info=&#8221;{}&#8221; toggle_text_color=&#8221;#FFFFFF&#8221; toggle_font=&#8221;Montserrat|600|||||||&#8221; open=&#8221;off&#8221; background_color_gradient_start=&#8221;rgba(33,150,196,0)&#8221; background_color_gradient_end=&#8221;rgba(209,167,0,0)&#8221; use_background_color_gradient=&#8221;off&#8221; text_shadow_style=&#8221;none&#8221; toggle_text_shadow_style=&#8221;none&#8221; closed_toggle_font=&#8221;Montserrat||||||||&#8221;]Bilo da se radi o maloj djeci ili tinejd\u017eerima, jedrilicu prilago\u0111avamo u skladu s tim! Na ogradu je pri\u010dvr\u0161\u0107ena sigurnosna mre\u017ea za malu djecu, a ciljane su i pla\u017ee prilago\u0111ene djeci. Ako su djeca starija i tra\u017ee avanturu ronjenja, onda znamo prave uvale za vas! Ovaj paket idealan je za obitelji s djecom koje tra\u017ee mali zajedni\u010dki odmor! Po potrebi osiguravamo i dadilju (980\u20ac \/ tjedan) koja se brine o djeci kako bi roditelji mogli u\u017eivati \u200b\u200bu zajedni\u010dkom provodu.[\/et_pb_accordion_item][et_pb_accordion_item title=&#8221;Privatna proslava&#8221; icon_color=&#8221;#FFFFFF&#8221; _builder_version=&#8221;4.14.8&#8243; _module_preset=&#8221;default&#8221; body_font=&#8221;Raleway||||||||&#8221; body_text_color=&#8221;#ffffff&#8221; background_color=&#8221;#0C71C3&#8243; border_radii=&#8221;on|10px|10px|10px|10px&#8221; box_shadow_style=&#8221;preset3&#8243; global_colors_info=&#8221;{}&#8221; toggle_text_color=&#8221;#FFFFFF&#8221; toggle_font=&#8221;Montserrat|600|||||||&#8221; open=&#8221;off&#8221; background_color_gradient_start=&#8221;rgba(33,150,196,0)&#8221; background_color_gradient_end=&#8221;rgba(209,167,0,0)&#8221; use_background_color_gradient=&#8221;off&#8221; text_shadow_style=&#8221;none&#8221; toggle_text_shadow_style=&#8221;none&#8221; closed_toggle_font=&#8221;Montserrat||||||||&#8221;]S duljinom od 17 metara i 10 kreveta, Freedom2020 idealan je i za privatne proslave svih vrsta. Bilo da se radi o vjen\u010danju, poslovnom doga\u0111aju ili ro\u0111endanu, pomo\u0107i \u0107emo vam stvoriti nezaboravno iskustvo. Privatnu zabavu na pla\u017ei u osamljenoj uvali ili dru\u0161tvenu ve\u010deru u doma\u0107em restoranu, organiziramo savr\u0161en ro\u0111endanski izlet ili raznoliko dru\u017eenje![\/et_pb_accordion_item][\/et_pb_accordion][\/et_pb_column][\/et_pb_row][et_pb_row column_structure=&#8221;1_4,1_4,1_4,1_4&#8243; use_custom_gutter=&#8221;on&#8221; gutter_width=&#8221;1&#8243; make_equal=&#8221;on&#8221; admin_label=&#8221;Galerija&#8221; module_class=&#8221; et_pb_row_fullwidth&#8221; _builder_version=&#8221;4.13.1&#8243; width=&#8221;100%&#8221; width_tablet=&#8221;100%&#8221; width_phone=&#8221;100%&#8221; width_last_edited=&#8221;on|desktop&#8221; max_width=&#8221;100%&#8221; max_width_tablet=&#8221;100%&#8221; max_width_phone=&#8221;100%&#8221; max_width_last_edited=&#8221;on|desktop&#8221; custom_padding=&#8221;||3px|||&#8221; make_fullwidth=&#8221;on&#8221; global_colors_info=&#8221;{}&#8221;][et_pb_column type=&#8221;1_4&#8243; _builder_version=&#8221;3.25&#8243; custom_padding=&#8221;|||&#8221; global_colors_info=&#8221;{}&#8221; custom_padding__hover=&#8221;|||&#8221;][et_pb_image src=&#8221;https:\/\/sensesailing.com\/wp-content\/uploads\/2021\/11\/Fredom2020-Sensesailing.jpg&#8221; alt=&#8221;Freedom2020 Sensesailing&#8221; title_text=&#8221;Fredom2020 Sensesailing&#8221; show_in_lightbox=&#8221;on&#8221; force_fullwidth=&#8221;on&#8221; align_tablet=&#8221;center&#8221; align_phone=&#8221;center&#8221; align_last_edited=&#8221;on|desktop&#8221; _builder_version=&#8221;4.13.1&#8243; animation_style=&#8221;zoom&#8221; animation_intensity_zoom=&#8221;10%&#8221; global_colors_info=&#8221;{}&#8221;][\/et_pb_image][\/et_pb_column][et_pb_column type=&#8221;1_4&#8243; _builder_version=&#8221;3.25&#8243; custom_padding=&#8221;|||&#8221; global_colors_info=&#8221;{}&#8221; custom_padding__hover=&#8221;|||&#8221;][et_pb_image src=&#8221;https:\/\/sensesailing.com\/wp-content\/uploads\/2021\/11\/Kroatien-Rovinj-1.jpg&#8221; alt=&#8221;Sensesailing Rovinj&#8221; title_text=&#8221;Hrvatska Rovinj&#8221; show_in_lightbox=&#8221;on&#8221; force_fullwidth=&#8221;on&#8221; align_tablet=&#8221;center&#8221; align_phone=&#8221;center&#8221; align_last_edited=&#8221;on|desktop&#8221; _builder_version=&#8221;4.13.1&#8243; animation_style=&#8221;zoom&#8221; animation_delay=&#8221;100ms&#8221; animation_intensity_zoom=&#8221;10%&#8221; locked=&#8221;off&#8221; global_colors_info=&#8221;{}&#8221;][\/et_pb_image][\/et_pb_column][et_pb_column type=&#8221;1_4&#8243; _builder_version=&#8221;3.25&#8243; custom_padding=&#8221;|||&#8221; global_colors_info=&#8221;{}&#8221; custom_padding__hover=&#8221;|||&#8221;][et_pb_image src=&#8221;https:\/\/sensesailing.com\/wp-content\/uploads\/2021\/11\/Sensesailing-Feedom2020.jpg&#8221; title_text=&#8221;Sensesailing Feedom2020&#8243; show_in_lightbox=&#8221;on&#8221; force_fullwidth=&#8221;on&#8221; align_tablet=&#8221;center&#8221; align_phone=&#8221;center&#8221; align_last_edited=&#8221;on|desktop&#8221; _builder_version=&#8221;4.13.1&#8243; animation_style=&#8221;zoom&#8221; animation_delay=&#8221;300ms&#8221; animation_intensity_zoom=&#8221;10%&#8221; locked=&#8221;off&#8221; global_colors_info=&#8221;{}&#8221;][\/et_pb_image][\/et_pb_column][et_pb_column type=&#8221;1_4&#8243; _builder_version=&#8221;3.25&#8243; custom_padding=&#8221;|||&#8221; global_colors_info=&#8221;{}&#8221; custom_padding__hover=&#8221;|||&#8221;][et_pb_image src=&#8221;https:\/\/sensesailing.com\/wp-content\/uploads\/2021\/11\/Sensesailing-Strand.jpg&#8221; alt=&#8221;Sensesailing Pla\u017ea&#8221; title_text=&#8221;Sensesailing Pla\u017ea&#8221; show_in_lightbox=&#8221;on&#8221; force_fullwidth=&#8221;on&#8221; align_tablet=&#8221;center&#8221; align_phone=&#8221;center&#8221; align_last_edited=&#8221;on|desktop&#8221; _builder_version=&#8221;4.13.1&#8243; animation_style=&#8221;zoom&#8221; animation_delay=&#8221;200ms&#8221; animation_intensity_zoom=&#8221;10%&#8221; locked=&#8221;off&#8221; global_colors_info=&#8221;{}&#8221;][\/et_pb_image][\/et_pb_column][\/et_pb_row][\/et_pb_section]<\/p>\n","protected":false},"excerpt":{"rendered":"<p>Paketi po fiksnoj cijeniKako da dobijem svoj odmor iz snova?! Gore odaberite \u017eeljeni tjedan odmora Ako je jedrilica slobodna odabrani tjedan, onda mo\u017eete kliknuti na nju Pojaviti \u0107e se novi obrazac gdje nam mo\u017eete poslati poruku Po\u0161aljite nam svoj zahtjev sa svojim \u017eeljama Kontaktirat \u0107emo Vas i razjasniti detalje telefonskim pozivom \/ mailom Uplatite najmanje [&hellip;]<\/p>\n","protected":false},"author":3,"featured_media":0,"parent":0,"menu_order":0,"comment_status":"closed","ping_status":"closed","template":"","meta":{"_et_pb_use_builder":"on","_et_pb_old_content":"","_et_gb_content_width":""},"_links":{"self":[{"href":"https:\/\/sensesailing.com\/hr\/wp-json\/wp\/v2\/pages\/972"}],"collection":[{"href":"https:\/\/sensesailing.com\/hr\/wp-json\/wp\/v2\/pages"}],"about":[{"href":"https:\/\/sensesailing.com\/hr\/wp-json\/wp\/v2\/types\/page"}],"author":[{"embeddable":true,"href":"https:\/\/sensesailing.com\/hr\/wp-json\/wp\/v2\/users\/3"}],"replies":[{"embeddable":true,"href":"https:\/\/sensesailing.com\/hr\/wp-json\/wp\/v2\/comments?post=972"}],"version-history":[{"count":5,"href":"https:\/\/sensesailing.com\/hr\/wp-json\/wp\/v2\/pages\/972\/revisions"}],"predecessor-version":[{"id":984,"href":"https:\/\/sensesailing.com\/hr\/wp-json\/wp\/v2\/pages\/972\/revisions\/984"}],"wp:attachment":[{"href":"https:\/\/sensesailing.com\/hr\/wp-json\/wp\/v2\/media?parent=972"}],"curies":[{"name":"wp","href":"https:\/\/api.w.org\/{rel}","templated":true}]}}